{"id":151,"date":"2023-02-25T00:37:04","date_gmt":"2023-02-25T00:37:04","guid":{"rendered":"https:\/\/iseri.com.mx\/estimatioone\/?page_id=151"},"modified":"2023-02-25T00:54:49","modified_gmt":"2023-02-25T00:54:49","slug":"cookies","status":"publish","type":"page","link":"https:\/\/estimatiosc.com\/es_mx\/cookies","title":{"rendered":"Cookies"},"content":{"rendered":"<div data-elementor-type=\"wp-page\" data-elementor-id=\"151\" class=\"elementor elementor-151\">\n\t\t\t\t\t\t<section class=\"elementor-section elementor-top-section elementor-element elementor-element-a2d2037 elementor-section-boxed elementor-section-height-default elementor-section-height-default\" data-id=\"a2d2037\" data-element_type=\"section\" data-e-type=\"section\">\n\t\t\t\t\t\t<div class=\"elementor-container elementor-column-gap-default\">\n\t\t\t\t\t<div class=\"elementor-column elementor-col-100 elementor-top-column elementor-element elementor-element-d30b9da\" data-id=\"d30b9da\" data-element_type=\"column\" data-e-type=\"column\">\n\t\t\t<div class=\"elementor-widget-wrap elementor-element-populated\">\n\t\t\t\t\t\t<div class=\"elementor-element elementor-element-127ddc8 elementor-widget elementor-widget-heading\" data-id=\"127ddc8\" data-element_type=\"widget\" data-e-type=\"widget\" data-widget_type=\"heading.default\">\n\t\t\t\t<div class=\"elementor-widget-container\">\n\t\t\t\t\t<h2 class=\"elementor-heading-title elementor-size-default\">Politica de Cookies<\/h2>\t\t\t\t<\/div>\n\t\t\t\t<\/div>\n\t\t\t\t<div class=\"elementor-element elementor-element-389cd2d elementor-widget elementor-widget-text-editor\" data-id=\"389cd2d\" data-element_type=\"widget\" data-e-type=\"widget\" data-widget_type=\"text-editor.default\">\n\t\t\t\t<div class=\"elementor-widget-container\">\n\t\t\t\t\t\t\t\t\t<p><em>Fecha de vigencia: 01 de Enero de 2023<\/em><\/p><p><em>\u00a0<\/em><\/p><p>Estimatio S.C., entiende que su privacidad es importante para usted y se compromete a ser transparente sobre las tecnolog\u00edas que utiliza. Esta Pol\u00edtica de cookies explica c\u00f3mo y por qu\u00e9 las cookies, web beacons, p\u00edxeles, GIF transparentes y otras tecnolog\u00edas similares (colectivamente, &#8220;Cookies y otras tecnolog\u00edas de seguimiento&#8221;) pueden almacenarse y accederse desde su dispositivo cuando usa o visita cualquier sitio web o aplicaci\u00f3n que publica un enlace a esta Pol\u00edtica (colectivamente, &#8220;sitios web&#8221;). Esta Pol\u00edtica de Cookies debe leerse junto con nuestra <u>Pol\u00edtica de Privacidad<\/u> y nuestras <u>Condiciones de Uso del Servicio<\/u>.<\/p><p>\u00a0<\/p><p><strong>\u00bfQu\u00e9 son las cookies y otras tecnolog\u00edas de seguimiento?<\/strong><\/p><p>Una cookie es un peque\u00f1o archivo de texto que se puede almacenar y acceder desde su dispositivo cuando visita uno de nuestros sitios web, en la medida en que est\u00e9 de acuerdo. Las otras tecnolog\u00edas de seguimiento funcionan de manera similar a las cookies y colocan peque\u00f1os archivos de datos en sus dispositivos o monitorean la actividad de su sitio web para permitirnos recopilar informaci\u00f3n sobre c\u00f3mo usa nuestros sitios web. Esto permite que nuestro sitio web reconozca su dispositivo de los de otros usuarios del sitio web. La informaci\u00f3n proporcionada a continuaci\u00f3n sobre las cookies tambi\u00e9n se aplica a estas otras tecnolog\u00edas de seguimiento. Puede encontrar m\u00e1s informaci\u00f3n en <u>www.allaboutcookies.org<\/u> y <u>www.youronlinechoices.eu<\/u>.<\/p><p>\u00a0<\/p><p><strong>\u00bfC\u00f3mo utilizan nuestros sitios cookies y otras tecnolog\u00edas de seguimiento?<\/strong><\/p><p>Estimatio S.C. utiliza cookies y otras tecnolog\u00edas de seguimiento para identificarlo a usted y sus intereses, recordar sus preferencias y rastrear su uso de nuestros sitios web. Tambi\u00e9n utilizamos cookies y otras tecnolog\u00edas de seguimiento para controlar el acceso a cierto contenido en nuestros sitios web, proteger los sitios web y procesar cualquier solicitud que nos haga.<\/p><p>Para administrar nuestros sitios y con fines de investigaci\u00f3n, Estimatio S.C., tambi\u00e9n ha contratado a terceros proveedores de servicios para rastrear y analizar el uso estad\u00edstico y la informaci\u00f3n de volumen de los usuarios de nuestro sitio. Estos proveedores de servicios externos utilizan cookies persistentes para ayudarnos a mejorar la experiencia del usuario, administrar el contenido de nuestro sitio web y analizar c\u00f3mo los usuarios navegan y utilizan el sitio web.<\/p><p>\u00a0<\/p><p><strong>Cookies propias y de terceros<\/strong><\/p><p>Las \u201ccookies propias\u201d son cookies que pertenecen a Estimatio S.C., y que Estimatio S.C., coloca en su dispositivo. Las \u201ccookies de terceros\u201d son cookies que un tercero coloca en su dispositivo a trav\u00e9s de nuestro sitio web. Estimatio S.C., podr\u00e1 contratar a terceros proveedores de servicios para el env\u00edo de correos electr\u00f3nicos a los usuarios que nos hayan proporcionado sus datos de contacto. Para ayudar a medir y mejorar la eficacia de nuestras comunicaciones por correo electr\u00f3nico y\/o para determinar si se han abierto los mensajes y se ha hecho clic en los enlaces, los proveedores de servicios externos pueden colocar cookies en los dispositivos de estos usuarios.<\/p><p>Para obtener m\u00e1s informaci\u00f3n sobre c\u00f3mo estas empresas recopilan y utilizan informaci\u00f3n en nuestro nombre, consulte sus pol\u00edticas de privacidad como se indica a continuaci\u00f3n.<\/p><p>\u00a0<\/p><p>Dependiendo del sitio web, utilizamos los siguientes tipos de cookies:<\/p><p><strong>\u00a0<\/strong><\/p><p><strong>Cookies persistentes<\/strong><\/p><p>Utilizamos cookies persistentes para mejorar su experiencia de uso del sitio web. Esto incluye registrar su aceptaci\u00f3n de nuestra Pol\u00edtica de Cookies para eliminar el mensaje de cookies que aparece por primera vez cuando utiliza el sitio web.<\/p><p>\u00a0<\/p><p>\u00a0<\/p><p><strong>Cookies de sesi\u00f3n<\/strong><\/p><p>Las cookies de sesi\u00f3n son temporales y se eliminan de su m\u00e1quina cuando se cierra el navegador web. Usamos cookies de sesi\u00f3n para ayudarnos a rastrear el uso de Internet como se describe anteriormente. Puede negarse a aceptar las cookies del navegador activando la configuraci\u00f3n adecuada en su navegador. Sin embargo, si selecciona esta configuraci\u00f3n, es posible que no pueda acceder a ciertas partes del sitio web. A menos que haya ajustado la configuraci\u00f3n de su navegador para que rechace las cookies, nuestro sistema emitir\u00e1 cookies cuando dirija su navegador a nuestro sitio web.<\/p><p>Los datos recopilados por el sitio web y\/o a trav\u00e9s de las cookies que se puedan colocar en su computadora no se conservar\u00e1n m\u00e1s tiempo del necesario para cumplir con los fines mencionados anteriormente. En cualquier caso, dicha informaci\u00f3n no se conservar\u00e1 durante m\u00e1s de un a\u00f1o.<\/p>\t\t\t\t\t\t\t\t<\/div>\n\t\t\t\t<\/div>\n\t\t\t\t<div class=\"elementor-element elementor-element-ae9703a elementor-widget-divider--view-line elementor-widget elementor-widget-divider\" data-id=\"ae9703a\" data-element_type=\"widget\" data-e-type=\"widget\" data-widget_type=\"divider.default\">\n\t\t\t\t<div class=\"elementor-widget-container\">\n\t\t\t\t\t\t\t<div class=\"elementor-divider\">\n\t\t\t<span class=\"elementor-divider-separator\">\n\t\t\t\t\t\t<\/span>\n\t\t<\/div>\n\t\t\t\t\t\t<\/div>\n\t\t\t\t<\/div>\n\t\t\t\t<section class=\"elementor-section elementor-inner-section elementor-element elementor-element-3aae14b elementor-section-boxed elementor-section-height-default elementor-section-height-default\" data-id=\"3aae14b\" data-element_type=\"section\" data-e-type=\"section\">\n\t\t\t\t\t\t<div class=\"elementor-container elementor-column-gap-default\">\n\t\t\t\t\t<div class=\"elementor-column elementor-col-33 elementor-inner-column elementor-element elementor-element-a29586a\" data-id=\"a29586a\" data-element_type=\"column\" data-e-type=\"column\">\n\t\t\t<div class=\"elementor-widget-wrap elementor-element-populated\">\n\t\t\t\t\t\t<div class=\"elementor-element elementor-element-706401d elementor-widget elementor-widget-text-editor\" data-id=\"706401d\" data-element_type=\"widget\" data-e-type=\"widget\" data-widget_type=\"text-editor.default\">\n\t\t\t\t<div class=\"elementor-widget-container\">\n\t\t\t\t\t\t\t\t\t<p>Tipo de Cookie<\/p>\t\t\t\t\t\t\t\t<\/div>\n\t\t\t\t<\/div>\n\t\t\t\t\t<\/div>\n\t\t<\/div>\n\t\t\t\t<div class=\"elementor-column elementor-col-66 elementor-inner-column elementor-element elementor-element-6ffcf77\" data-id=\"6ffcf77\" data-element_type=\"column\" data-e-type=\"column\">\n\t\t\t<div class=\"elementor-widget-wrap elementor-element-populated\">\n\t\t\t\t\t\t<div class=\"elementor-element elementor-element-3d51be4 elementor-widget elementor-widget-text-editor\" data-id=\"3d51be4\" data-element_type=\"widget\" data-e-type=\"widget\" data-widget_type=\"text-editor.default\">\n\t\t\t\t<div class=\"elementor-widget-container\">\n\t\t\t\t\t\t\t\t\t<p>Proposito<\/p>\t\t\t\t\t\t\t\t<\/div>\n\t\t\t\t<\/div>\n\t\t\t\t\t<\/div>\n\t\t<\/div>\n\t\t\t\t\t<\/div>\n\t\t<\/section>\n\t\t\t\t<section class=\"elementor-section elementor-inner-section elementor-element elementor-element-1c938d5 elementor-section-boxed elementor-section-height-default elementor-section-height-default\" data-id=\"1c938d5\" data-element_type=\"section\" data-e-type=\"section\">\n\t\t\t\t\t\t<div class=\"elementor-container elementor-column-gap-default\">\n\t\t\t\t\t<div class=\"elementor-column elementor-col-33 elementor-inner-column elementor-element elementor-element-7f09423\" data-id=\"7f09423\" data-element_type=\"column\" data-e-type=\"column\">\n\t\t\t<div class=\"elementor-widget-wrap elementor-element-populated\">\n\t\t\t\t\t\t<div class=\"elementor-element elementor-element-5acc3c7 elementor-widget elementor-widget-text-editor\" data-id=\"5acc3c7\" data-element_type=\"widget\" data-e-type=\"widget\" data-widget_type=\"text-editor.default\">\n\t\t\t\t<div class=\"elementor-widget-container\">\n\t\t\t\t\t\t\t\t\t<p>Estrictamente necesarias\/t\u00e9cnicas<\/p>\t\t\t\t\t\t\t\t<\/div>\n\t\t\t\t<\/div>\n\t\t\t\t\t<\/div>\n\t\t<\/div>\n\t\t\t\t<div class=\"elementor-column elementor-col-66 elementor-inner-column elementor-element elementor-element-9be2037\" data-id=\"9be2037\" data-element_type=\"column\" data-e-type=\"column\">\n\t\t\t<div class=\"elementor-widget-wrap elementor-element-populated\">\n\t\t\t\t\t\t<div class=\"elementor-element elementor-element-4949dd1 elementor-widget elementor-widget-text-editor\" data-id=\"4949dd1\" data-element_type=\"widget\" data-e-type=\"widget\" data-widget_type=\"text-editor.default\">\n\t\t\t\t<div class=\"elementor-widget-container\">\n\t\t\t\t\t\t\t\t\t<p>Estas cookies son necesarias para permitirnos operar nuestro sitio web para que pueda acceder a ellas como lo ha solicitado. Estas cookies, por ejemplo, nos permiten reconocer que ha creado una cuenta y ha iniciado sesi\u00f3n en esa cuenta para acceder al contenido del sitio web. Tambi\u00e9n incluyen cookies que nos permiten recordar sus acciones anteriores dentro de la misma sesi\u00f3n de navegaci\u00f3n y proteger nuestro sitio web.<\/p>\t\t\t\t\t\t\t\t<\/div>\n\t\t\t\t<\/div>\n\t\t\t\t\t<\/div>\n\t\t<\/div>\n\t\t\t\t\t<\/div>\n\t\t<\/section>\n\t\t\t\t<section class=\"elementor-section elementor-inner-section elementor-element elementor-element-d89de73 elementor-section-boxed elementor-section-height-default elementor-section-height-default\" data-id=\"d89de73\" data-element_type=\"section\" data-e-type=\"section\">\n\t\t\t\t\t\t<div class=\"elementor-container elementor-column-gap-default\">\n\t\t\t\t\t<div class=\"elementor-column elementor-col-33 elementor-inner-column elementor-element elementor-element-acbd9aa\" data-id=\"acbd9aa\" data-element_type=\"column\" data-e-type=\"column\">\n\t\t\t<div class=\"elementor-widget-wrap elementor-element-populated\">\n\t\t\t\t\t\t<div class=\"elementor-element elementor-element-00eb2ae elementor-widget elementor-widget-text-editor\" data-id=\"00eb2ae\" data-element_type=\"widget\" data-e-type=\"widget\" data-widget_type=\"text-editor.default\">\n\t\t\t\t<div class=\"elementor-widget-container\">\n\t\t\t\t\t\t\t\t\t<p>Anal\u00edtica\/Rendimiento<\/p>\t\t\t\t\t\t\t\t<\/div>\n\t\t\t\t<\/div>\n\t\t\t\t\t<\/div>\n\t\t<\/div>\n\t\t\t\t<div class=\"elementor-column elementor-col-66 elementor-inner-column elementor-element elementor-element-b6aea63\" data-id=\"b6aea63\" data-element_type=\"column\" data-e-type=\"column\">\n\t\t\t<div class=\"elementor-widget-wrap elementor-element-populated\">\n\t\t\t\t\t\t<div class=\"elementor-element elementor-element-d57c9ac elementor-widget elementor-widget-text-editor\" data-id=\"d57c9ac\" data-element_type=\"widget\" data-e-type=\"widget\" data-widget_type=\"text-editor.default\">\n\t\t\t\t<div class=\"elementor-widget-container\">\n\t\t\t\t\t\t\t\t\t<p>Estas cookies son utilizadas por nosotros o por terceros proveedores de servicios para analizar c\u00f3mo se utilizan los sitios web y c\u00f3mo funcionan. Por ejemplo, estas cookies rastrean qu\u00e9 p\u00e1ginas se visitan con m\u00e1s frecuencia y de qu\u00e9 lugares provienen nuestros visitantes. Si se suscribe a un bolet\u00edn informativo o se registra en el sitio web, estas cookies pueden estar relacionadas con usted. Estas cookies incluyen, por ejemplo, las cookies de Adobe Analytics.<\/p>\t\t\t\t\t\t\t\t<\/div>\n\t\t\t\t<\/div>\n\t\t\t\t\t<\/div>\n\t\t<\/div>\n\t\t\t\t\t<\/div>\n\t\t<\/section>\n\t\t\t\t<section class=\"elementor-section elementor-inner-section elementor-element elementor-element-18a7979 elementor-section-boxed elementor-section-height-default elementor-section-height-default\" data-id=\"18a7979\" data-element_type=\"section\" data-e-type=\"section\">\n\t\t\t\t\t\t<div class=\"elementor-container elementor-column-gap-default\">\n\t\t\t\t\t<div class=\"elementor-column elementor-col-33 elementor-inner-column elementor-element elementor-element-1cb0d20\" data-id=\"1cb0d20\" data-element_type=\"column\" data-e-type=\"column\">\n\t\t\t<div class=\"elementor-widget-wrap elementor-element-populated\">\n\t\t\t\t\t\t<div class=\"elementor-element elementor-element-1d50943 elementor-widget elementor-widget-text-editor\" data-id=\"1d50943\" data-element_type=\"widget\" data-e-type=\"widget\" data-widget_type=\"text-editor.default\">\n\t\t\t\t<div class=\"elementor-widget-container\">\n\t\t\t\t\t\t\t\t\t<p>Funcionalidad.<\/p>\t\t\t\t\t\t\t\t<\/div>\n\t\t\t\t<\/div>\n\t\t\t\t\t<\/div>\n\t\t<\/div>\n\t\t\t\t<div class=\"elementor-column elementor-col-66 elementor-inner-column elementor-element elementor-element-c8cda59\" data-id=\"c8cda59\" data-element_type=\"column\" data-e-type=\"column\">\n\t\t\t<div class=\"elementor-widget-wrap elementor-element-populated\">\n\t\t\t\t\t\t<div class=\"elementor-element elementor-element-d499880 elementor-widget elementor-widget-text-editor\" data-id=\"d499880\" data-element_type=\"widget\" data-e-type=\"widget\" data-widget_type=\"text-editor.default\">\n\t\t\t\t<div class=\"elementor-widget-container\">\n\t\t\t\t\t\t\t\t\t<p>Estas cookies nos permiten operar el sitio web de acuerdo con las elecciones que realice. Estas cookies nos permiten &#8220;recordarle&#8221; entre visitas. Por ejemplo, reconoceremos su nombre de usuario y recordaremos c\u00f3mo personaliz\u00f3 el sitio web y los servicios, por ejemplo, ajustando el tama\u00f1o del texto, las fuentes, los idiomas y otras partes de las p\u00e1ginas web que son modificables y le brindan las mismas personalizaciones durante futuras visitas.<\/p>\t\t\t\t\t\t\t\t<\/div>\n\t\t\t\t<\/div>\n\t\t\t\t\t<\/div>\n\t\t<\/div>\n\t\t\t\t\t<\/div>\n\t\t<\/section>\n\t\t\t\t<section class=\"elementor-section elementor-inner-section elementor-element elementor-element-50b40c6 elementor-section-boxed elementor-section-height-default elementor-section-height-default\" data-id=\"50b40c6\" data-element_type=\"section\" data-e-type=\"section\">\n\t\t\t\t\t\t<div class=\"elementor-container elementor-column-gap-default\">\n\t\t\t\t\t<div class=\"elementor-column elementor-col-33 elementor-inner-column elementor-element elementor-element-bfa80eb\" data-id=\"bfa80eb\" data-element_type=\"column\" data-e-type=\"column\">\n\t\t\t<div class=\"elementor-widget-wrap elementor-element-populated\">\n\t\t\t\t\t\t<div class=\"elementor-element elementor-element-01fc6dd elementor-widget elementor-widget-text-editor\" data-id=\"01fc6dd\" data-element_type=\"widget\" data-e-type=\"widget\" data-widget_type=\"text-editor.default\">\n\t\t\t\t<div class=\"elementor-widget-container\">\n\t\t\t\t\t\t\t\t\t<p>Publicidad de terceros.<\/p>\t\t\t\t\t\t\t\t<\/div>\n\t\t\t\t<\/div>\n\t\t\t\t\t<\/div>\n\t\t<\/div>\n\t\t\t\t<div class=\"elementor-column elementor-col-66 elementor-inner-column elementor-element elementor-element-c12c48f\" data-id=\"c12c48f\" data-element_type=\"column\" data-e-type=\"column\">\n\t\t\t<div class=\"elementor-widget-wrap elementor-element-populated\">\n\t\t\t\t\t\t<div class=\"elementor-element elementor-element-96f3bea elementor-widget elementor-widget-text-editor\" data-id=\"96f3bea\" data-element_type=\"widget\" data-e-type=\"widget\" data-widget_type=\"text-editor.default\">\n\t\t\t\t<div class=\"elementor-widget-container\">\n\t\t\t\t\t\t\t\t\t<p>Estas cookies recopilan informaci\u00f3n sobre sus actividades en estos y otros sitios para brindarle publicidad dirigida. Tambi\u00e9n podemos permitir que nuestros proveedores de servicios externos utilicen cookies en el sitio web para los mismos fines identificados anteriormente, incluida la recopilaci\u00f3n de informaci\u00f3n sobre sus actividades en l\u00ednea a lo largo del tiempo y en diferentes sitios web. Los proveedores de servicios de terceros que generan estas cookies, como Adobe, LinkedIn, Twitter y Facebook, tienen sus propias pol\u00edticas de privacidad y pueden usar sus cookies para dirigirle publicidad en otros sitios web, en funci\u00f3n de su visita a nuestro sitio web.<\/p>\t\t\t\t\t\t\t\t<\/div>\n\t\t\t\t<\/div>\n\t\t\t\t\t<\/div>\n\t\t<\/div>\n\t\t\t\t\t<\/div>\n\t\t<\/section>\n\t\t\t\t<div class=\"elementor-element elementor-element-c0e9661 elementor-widget-divider--view-line elementor-widget elementor-widget-divider\" data-id=\"c0e9661\" data-element_type=\"widget\" data-e-type=\"widget\" data-widget_type=\"divider.default\">\n\t\t\t\t<div class=\"elementor-widget-container\">\n\t\t\t\t\t\t\t<div class=\"elementor-divider\">\n\t\t\t<span class=\"elementor-divider-separator\">\n\t\t\t\t\t\t<\/span>\n\t\t<\/div>\n\t\t\t\t\t\t<\/div>\n\t\t\t\t<\/div>\n\t\t\t\t<div class=\"elementor-element elementor-element-c79e242 elementor-widget elementor-widget-text-editor\" data-id=\"c79e242\" data-element_type=\"widget\" data-e-type=\"widget\" data-widget_type=\"text-editor.default\">\n\t\t\t\t<div class=\"elementor-widget-container\">\n\t\t\t\t\t\t\t\t\t<p><strong>\u00bfC\u00f3mo rechazo o retiro mi consentimiento para el uso de Cookies?<\/strong><\/p><p>Si no desea que se coloquen cookies en su dispositivo, puede ajustar la configuraci\u00f3n de su navegador de Internet para rechazar la configuraci\u00f3n de todas o algunas cookies y para que le avise cuando se coloca una cookie en su dispositivo. Para obtener m\u00e1s informaci\u00f3n sobre c\u00f3mo hacerlo, consulte la secci\u00f3n de &#8220;ayuda&#8221; \/ &#8220;herramienta&#8221; o &#8220;editar&#8221; de su navegador o visite <a href=\"http:\/\/www.allaboutcookies.org\">www.allaboutcookies.org<\/a>.<\/p><p>Tenga en cuenta que si utiliza la configuraci\u00f3n de su navegador para bloquear todas las cookies (incluidas las cookies estrictamente necesarias), es posible que no pueda acceder o utilizar la totalidad o parte de las funcionalidades de nuestro sitio web. Si desea eliminar las cookies almacenadas anteriormente, puede eliminar manualmente las cookies en cualquier momento. Sin embargo, esto no evitar\u00e1 que el sitio web coloque m\u00e1s cookies en su dispositivo a menos que ajuste la configuraci\u00f3n de su navegador de Internet como se describe anteriormente. Para obtener m\u00e1s informaci\u00f3n sobre el desarrollo de perfiles de usuario y el uso de cookies de orientaci\u00f3n\/publicidad, consulte <a href=\"http:\/\/www.youronlinechoices.eu\">www.youronlinechoices.eu<\/a> o <a href=\"http:\/\/www.aboutads.info\/choices\">www.aboutads.info\/choices<\/a>.<\/p><p><strong>\u00bfC\u00f3mo utilizamos otras tecnolog\u00edas de rastreo en nuestras comunicaciones?<\/strong><\/p><p>Estimatio S.C., puede recopilar informaci\u00f3n sobre si abre o hace clic en cualquier enlace en las comunicaciones de conocimiento, investigaci\u00f3n o eventos que le enviamos a trav\u00e9s de web beacons.<\/p><p>Un web beacon es una imagen gr\u00e1fica, que se coloca en un sitio web o en un correo electr\u00f3nico que solo o junto con cookies recopila informaci\u00f3n sobre su uso o su interacci\u00f3n con un sitio web o correo electr\u00f3nico de Estimatio S.C. Por ejemplo, podemos agregar web beacons a las comunicaciones de conocimiento, investigaci\u00f3n o eventos que le enviamos para determinar si ha abierto nuestro correo electr\u00f3nico o ha hecho clic en un enlace. El an\u00e1lisis recopilado nos ayuda a mejorar la eficacia del contenido y el formato de nuestros sitios web y comunicaciones por correo electr\u00f3nico.<\/p><p><strong>\u00bfC\u00f3mo rechazo o retiro mi consentimiento para el uso de web beacons?<\/strong><\/p><p>Puede evitar los web beacons configurando su programa lector de correo electr\u00f3nico para deshabilitar la funcionalidad que permite cargar im\u00e1genes remotas y absteni\u00e9ndose de hacer clic en cualquier enlace en los mensajes de correo electr\u00f3nico.<\/p><p><strong>Cont\u00e1ctenos<\/strong><\/p><p>Si tiene alguna otra pregunta sobre nuestra Pol\u00edtica de Cookies, cont\u00e1ctenos en:<\/p><p>Estimaci\u00f3n S.C.<\/p><p>Heriberto Fr\u00edas No. 116<\/p><p>CDMX, M\u00e9xico 03100<\/p><p>(55) 7045 &#8211; 3819<\/p><p><a href=\"mailto:contacto@estimatiosc.com\">contacto@estimatiosc.com<\/a><\/p>\t\t\t\t\t\t\t\t<\/div>\n\t\t\t\t<\/div>\n\t\t\t\t\t<\/div>\n\t\t<\/div>\n\t\t\t\t\t<\/div>\n\t\t<\/section>\n\t\t\t\t<\/div>","protected":false},"excerpt":{"rendered":"<p>Politica de Cookies Fecha de vigencia: 01 de Enero de 2023 \u00a0 Estimatio S.C., entiende que su privacidad es importante para usted y se compromete a ser transparente sobre las tecnolog\u00edas que utiliza. Esta Pol\u00edtica de cookies explica c\u00f3mo y por qu\u00e9 las cookies, web beacons, p\u00edxeles, GIF transparentes y otras tecnolog\u00edas similares (colectivamente, &#8220;Cookies [&hellip;]<\/p>","protected":false},"author":1,"featured_media":0,"parent":0,"menu_order":0,"comment_status":"closed","ping_status":"closed","template":"","meta":{"footnotes":""},"class_list":["post-151","page","type-page","status-publish","hentry"],"_links":{"self":[{"href":"https:\/\/estimatiosc.com\/es_mx\/wp-json\/wp\/v2\/pages\/151","targetHints":{"allow":["GET"]}}],"collection":[{"href":"https:\/\/estimatiosc.com\/es_mx\/wp-json\/wp\/v2\/pages"}],"about":[{"href":"https:\/\/estimatiosc.com\/es_mx\/wp-json\/wp\/v2\/types\/page"}],"author":[{"embeddable":true,"href":"https:\/\/estimatiosc.com\/es_mx\/wp-json\/wp\/v2\/users\/1"}],"replies":[{"embeddable":true,"href":"https:\/\/estimatiosc.com\/es_mx\/wp-json\/wp\/v2\/comments?post=151"}],"version-history":[{"count":16,"href":"https:\/\/estimatiosc.com\/es_mx\/wp-json\/wp\/v2\/pages\/151\/revisions"}],"predecessor-version":[{"id":170,"href":"https:\/\/estimatiosc.com\/es_mx\/wp-json\/wp\/v2\/pages\/151\/revisions\/170"}],"wp:attachment":[{"href":"https:\/\/estimatiosc.com\/es_mx\/wp-json\/wp\/v2\/media?parent=151"}],"curies":[{"name":"wp","href":"https:\/\/api.w.org\/{rel}","templated":true}]}}