{"id":1180,"date":"2023-05-17T18:08:03","date_gmt":"2023-05-17T18:08:03","guid":{"rendered":"https:\/\/estimatiosc.com\/?page_id=1180"},"modified":"2023-05-17T19:01:44","modified_gmt":"2023-05-17T19:01:44","slug":"privacy-policy","status":"publish","type":"page","link":"https:\/\/estimatiosc.com\/es_mx\/privacy-policy","title":{"rendered":"Pol\u00edtica de Privacidad"},"content":{"rendered":"<div data-elementor-type=\"wp-page\" data-elementor-id=\"1180\" class=\"elementor elementor-1180\">\n\t\t\t\t\t\t<section class=\"elementor-section elementor-top-section elementor-element elementor-element-bd271aa elementor-section-height-min-height elementor-section-full_width elementor-section-height-default elementor-section-items-middle\" data-id=\"bd271aa\" data-element_type=\"section\" data-e-type=\"section\" id=\"inicio\" data-settings=\"{&quot;background_background&quot;:&quot;video&quot;,&quot;background_video_link&quot;:&quot;https:\\\/\\\/iseri.com.mx\\\/estimatioone\\\/wp-content\\\/uploads\\\/2023\\\/04\\\/iStock-1124439529.webm&quot;,&quot;background_play_on_mobile&quot;:&quot;yes&quot;}\">\n\t\t\t\t\t\t\t\t<div class=\"elementor-background-video-container\">\n\t\t\t\t\t\t\t\t\t\t\t\t\t<video class=\"elementor-background-video-hosted\" role=\"presentation\" autoplay muted playsinline loop><\/video>\n\t\t\t\t\t\t\t\t\t\t\t<\/div>\n\t\t\t\t\t\t\t\t\t<div class=\"elementor-background-overlay\"><\/div>\n\t\t\t\t\t\t\t<div class=\"elementor-container elementor-column-gap-custom\">\n\t\t\t\t\t<div class=\"elementor-column elementor-col-100 elementor-top-column elementor-element elementor-element-1f23908\" data-id=\"1f23908\" data-element_type=\"column\" data-e-type=\"column\">\n\t\t\t<div class=\"elementor-widget-wrap elementor-element-populated\">\n\t\t\t\t\t\t<div class=\"elementor-element elementor-element-683be01 elementor-widget-mobile__width-initial elementor-invisible elementor-widget elementor-widget-heading\" data-id=\"683be01\" data-element_type=\"widget\" data-e-type=\"widget\" data-settings=\"{&quot;_animation&quot;:&quot;bounceIn&quot;}\" data-widget_type=\"heading.default\">\n\t\t\t\t<div class=\"elementor-widget-container\">\n\t\t\t\t\t<h1 class=\"elementor-heading-title elementor-size-default\">Pol\u00edtica de Privacidad<\/h1>\t\t\t\t<\/div>\n\t\t\t\t<\/div>\n\t\t\t\t<div class=\"elementor-element elementor-element-884a7d8 elementor-widget__width-initial elementor-widget elementor-widget-text-editor\" data-id=\"884a7d8\" data-element_type=\"widget\" data-e-type=\"widget\" data-widget_type=\"text-editor.default\">\n\t\t\t\t<div class=\"elementor-widget-container\">\n\t\t\t\t\t\t\t\t\t<p><em>Ultima Actualizaci\u00f3n: 01\/01\/2023<\/em><\/p>\t\t\t\t\t\t\t\t<\/div>\n\t\t\t\t<\/div>\n\t\t\t\t\t<\/div>\n\t\t<\/div>\n\t\t\t\t\t<\/div>\n\t\t<\/section>\n\t\t\t\t<section class=\"elementor-section elementor-top-section elementor-element elementor-element-67bba6a elementor-section-boxed elementor-section-height-default elementor-section-height-default\" data-id=\"67bba6a\" data-element_type=\"section\" data-e-type=\"section\">\n\t\t\t\t\t\t<div class=\"elementor-container elementor-column-gap-default\">\n\t\t\t\t\t<div class=\"elementor-column elementor-col-100 elementor-top-column elementor-element elementor-element-14119dd\" data-id=\"14119dd\" data-element_type=\"column\" data-e-type=\"column\">\n\t\t\t<div class=\"elementor-widget-wrap elementor-element-populated\">\n\t\t\t\t\t\t<div class=\"elementor-element elementor-element-c5cda9f elementor-widget elementor-widget-text-editor\" data-id=\"c5cda9f\" data-element_type=\"widget\" data-e-type=\"widget\" data-widget_type=\"text-editor.default\">\n\t\t\t\t<div class=\"elementor-widget-container\">\n\t\t\t\t\t\t\t\t\t<p><strong>Identidad y domicilio del responsable de los datos personales<\/strong><\/p><p>ESTIMATIO S.C., as responsible for the processing of your personal data, with address at Blvd. Adolfo L\u00f3pez Mateos No. 2349 Piso 4, Int B.\u00a0 Col. Atlamaya, Alcald\u00eda \u00c1lvaro Obreg\u00f3n, C.P. 01760, CDMX, email: <a href=\"mailto:contacto@estimatiosc.com\">contacto@estimatiosc.com<\/a> y la p\u00e1gina de internet <a href=\"https:\/\/estimatiosc.com\/es_mx\/\">www.estimatiosc.com<\/a>informa los t\u00e9rminos y condiciones de su Pol\u00edtica de Privacidad.<\/p><p>\u00a0<\/p><p><strong>Datos personales que ser\u00e1n sometidos a tratamiento<\/strong><\/p><p>Los datos personales que recaba Estimatio S.C., as\u00ed como la forma en que los obtiene, son los siguientes: Los datos personales generales que recabamos de forma personal, son los siguientes: nombre completo, correo electr\u00f3nico, tel\u00e9fono fijo y m\u00f3vil, RFC, CURP, fecha de nacimiento, edad, nacionalidad, estado civil, sexo, puesto anterior, t\u00edtulo y c\u00e9dula profesional, comprobante de estudios, certificado.<\/p><p>\u00a0<\/p><p>Los datos personales generales que recabamos de forma directa son los siguientes: Nombre completo, correo electr\u00f3nico, tel\u00e9fono fijo. Los datos personales generales que recabamos de forma indirecta son los siguientes: Nombre completo<\/p><p>\u00a0<\/p><p>ESTIMATIO S.C., NO recaba datos personales patrimoniales ni sensibles de forma personal, directa ni indirecta.<\/p><p>\u00a0<\/p><p><strong>Finalidades del tratamiento<\/strong><\/p><p>Los datos que proporciona usted a ESTIMATIO S.C., ser\u00e1n utilizados para las siguientes finalidades:<\/p><ol><li>Finalidades Principales: para invitarlos a eventos organizados por laboratorios farmac\u00e9uticos, as\u00ed como para enviarles informaci\u00f3n relacionada con productos farmac\u00e9uticos.<\/li><li>Trat\u00e1ndose de los datos personales obtenidos de candidatos y colaboradores y\/o empleados de ESTIMATIO S.C., estos ser\u00e1n utilizados para las siguientes finalidades: reclutamiento, selecci\u00f3n y contrataci\u00f3n de personal, contacto y selecci\u00f3n de practicantes profesionales o de servicio social, integrar y mantener su expediente personal, para incorporar a \u00e9ste cualquier incidencia o modificaci\u00f3n que se presente durante la existencia del v\u00ednculo laboral, llevar un control de asistencia.<\/li><\/ol><p>\u00a0<\/p><p><strong>Finalidades accesorias<\/strong><\/p><p>ESTIMATIO S.C., no lleva a cabo finalidades accesorias con los datos recabados. Cabe se\u00f1alar que, si usted no manifiesta su negativa para el tratamiento de sus datos personales, tiene a salvo su derecho para revocar su consentimiento u oponerse al tratamiento de estos.<\/p><p>\u00a0<\/p><p><strong>Medios y procedimiento para ejercer los derechos ARCO<\/strong><\/p><p>Usted por s\u00ed mismo o por conducto de su representante legal, en cualquier momento, tiene derecho de acceder a sus datos personales que poseemos y a los detalles del tratamiento de los mismos, as\u00ed como a rectificarlos en caso de ser inexactos o incompletos; cancelarlos cuando considere que no se requieren para alguna de las finalidades se\u00f1alados en el presente aviso de privacidad o haya finalizado la relaci\u00f3n contractual o de servicio, o bien, oponerse al tratamiento de los mismos para fines espec\u00edficos.<\/p><p>\u00a0<\/p><p>ESTIMATIO S.C., le informa que, para ejercer los derechos de acceso, rectificaci\u00f3n, cancelaci\u00f3n y oposici\u00f3n antes mencionados, usted podr\u00e1 utilizar los siguientes mecanismos:<\/p><p>\u00a0<\/p><ol><li>Presentar su \u201cSolicitud de Derechos ARCO\u201d directamente en nuestras oficinas ubicadas en Blvd. Adolfo L\u00f3pez Mateos No. 2349 Piso 4, Int B.  Col. Atlamaya, Alcald\u00eda \u00c1lvaro Obreg\u00f3n, C.P. 01760, CDMX, con n\u00famero de tel\u00e9fono: (55) 7045 \u2013 3819.<\/li><li>Enviar un correo electr\u00f3nico a nuestra \u00e1rea correspondiente con la direcci\u00f3n de contacto@estimatiosc.com, indicando qu\u00e9 derecho quiere ejercer y en un plazo de tres d\u00edas h\u00e1biles contados a partir de la recepci\u00f3n del correo, el encargado del \u00e1rea se comunicar\u00e1 con usted para indicarle el procedimiento a seguir.<\/li><\/ol><p>\u00a0<\/p><p>ESTIMATIO S.C., le informa que, para ejercer los derechos de acceso, rectificaci\u00f3n, cancelaci\u00f3n y oposici\u00f3n antes mencionados, deber\u00e1 seguir el siguiente procedimiento:<\/p><p>\u00a0<\/p><ol><li>Solicitar por duplicado el documento denominado \u201cSolicitud de Derechos ARCO\u201d.<\/li><li>Llenar de manera aut\u00f3grafa los campos requeridos en la solicitud.<\/li><li>Presentarse personalmente en nuestras oficinas ubicadas en Blvd. Adolfo L\u00f3pez Mateos No. 2349 Piso 4, Int B.  Col. Atlamaya, Alcald\u00eda \u00c1lvaro Obreg\u00f3n, C.P. 01760, CDMX., con n\u00famero de tel\u00e9fono: (55) 7045 \u2013 3819, y correo electr\u00f3nico: contacto@estimatiosc.com; entregar en la recepci\u00f3n la \u201cSolicitud de Derechos ARCO\u201d en original y copia firmadas aut\u00f3grafamente, acompa\u00f1ando el original y copia de su identificaci\u00f3n oficial y\/o poder que acredite la representaci\u00f3n legal con la que se ostenta para cotejo de los mismos.<\/li><li>Una vez presentada su solicitud, en un plazo m\u00e1ximo de veinte d\u00edas h\u00e1biles, le comunicaremos si su solicitud resulta procedente o no.<\/li><li>En caso de que \u00e9sta sea procedente, el derecho que se ejerza se har\u00e1 efectivo dentro de los quince d\u00edas h\u00e1biles siguientes a la fecha en que se le haya comunicado la procedencia referida, lo cual se le comunicar\u00e1, mediante documento digital que se enviar\u00e1 al correo electr\u00f3nico que haya se\u00f1alado en su solicitud de derechos ARCO, para o\u00edr y recibir (comunicaciones y\/o notificaciones), o bien, por escrito, mediante copia simple, en el domicilio que haya se\u00f1alado en la mencionada solicitud.<\/li><\/ol><p>\u00a0<\/p><p><strong>Procedimiento para revocar su consentimiento al tratamiento de sus datos personales<\/strong><\/p><p>En todo momento, usted podr\u00e1 revocar el consentimiento que nos ha otorgado para el tratamiento de sus datos personales, a fin de que dejemos de hacer uso de estos. Si es su deseo revocar el consentimiento que nos fue otorgado para tratar sus datos personales, le pedimos presente su petici\u00f3n por escrito ante el \u00c1rea de Protecci\u00f3n de Datos Personales, en el domicilio ubicado en Blvd. Adolfo L\u00f3pez Mateos No. 2349 Piso 4, Int B.  Col. Atlamaya, Alcald\u00eda \u00c1lvaro Obreg\u00f3n, C.P. 01760, CDMX, con n\u00famero de tel\u00e9fono: (55) 7045 \u2013 3819, o bien, puede enviar su Solicitud de Derechos ARCO a la direcci\u00f3n de correo electr\u00f3nico: <a href=\"mailto:contacto@estimatiosc.com\">contacto@estimatiosc.com<\/a>.<\/p><p>\u00a0<\/p><p>ESTIMATIO S.C., le informa que para revocar el consentimiento que nos fue otorgado para tratar sus datos personales, se deber\u00e1 seguir el siguiente procedimiento:<\/p><p>\u00a0<\/p><ol><li>Presentarse personalmente en nuestras oficinas ubicadas en Blvd. Adolfo L\u00f3pez Mateos No. 2349 Piso 4, Int B.  Col. Atlamaya, Alcald\u00eda \u00c1lvaro Obreg\u00f3n, C.P. 01760, CDMX y dirigirse con al \u00e1rea de protecci\u00f3n de datos personales, y entregar su solicitud para revocar su consentimiento en original y copia firmadas aut\u00f3grafamente, acompa\u00f1ando el original y copia de su identificaci\u00f3n oficial y\/o poder que acredite la representaci\u00f3n legal con la que se ostenta para cotejo de estos.<\/li><li>Una vez presentada su solicitud, en un plazo m\u00e1ximo de veinte d\u00edas h\u00e1biles, le comunicaremos si su solicitud resulta procedente o no.<\/li><li>En caso de que \u00e9sta sea procedente, el derecho que se ejerza se har\u00e1 efectivo dentro de los quince d\u00edas h\u00e1biles siguientes a la fecha en que se le haya comunicado la procedencia referida, lo cual se le comunicar\u00e1, mediante documento digital que se enviar\u00e1 al correo electr\u00f3nico que haya se\u00f1alado en su solicitud de derechos ARCO, para o\u00edr y recibir (comunicaciones y\/o notificaciones), o bien, por escrito, mediante copia simple, en el domicilio que haya se\u00f1alado en la mencionada solicitud.<\/li><\/ol><p>\u00a0<\/p><p><strong>Otros medios para limitar el uso o divulgaci\u00f3n de sus datos personales<\/strong><\/p><p>Para dejar de recibir correos electr\u00f3nicos con comunicados o invitaciones, se puede poner en contacto con el \u00c1rea de Protecci\u00f3n de Datos Personales en la direcci\u00f3n de correo electr\u00f3nico: <a href=\"mailto:gilberto.sanchez@estimatiosc.com\">gilberto.sanchez@estimatiosc.com<\/a> o llamar al Tel\u00e9fono: (55) 7045 - 3819.<\/p><p>\u00a0<\/p><p><strong>Uso de Cookies y Web Beacons<\/strong><\/p><p>El acceso a la p\u00e1gina www.estimatiosc.com puede implicar la utilizaci\u00f3n de cookies. Las cookies son peque\u00f1as cantidades de informaci\u00f3n que se almacenan en el navegador utilizado por cada usuario para que el servidor recuerde cierta informaci\u00f3n que podr\u00e1 utilizar posteriormente. Esta informaci\u00f3n permite identificarte como un usuario concreto y permite guardar tus preferencias personales, as\u00ed como informaci\u00f3n t\u00e9cnica, como por ejemplo las visitas realizadas o las p\u00e1ginas concretas visitadas.<\/p><p>\u00a0<\/p><p>Aquellos usuarios que no deseen recibir cookies o quieran ser informados antes de que se almacenen en su ordenador pueden configurar su navegador a tal efecto. Asimismo, los sitios antes mencionados pueden albergar tambi\u00e9n web beacons (tambi\u00e9n conocidos por web bugs).<\/p><p>\u00a0<\/p><p>En algunos casos, la informaci\u00f3n sobre los visitantes de los sitios web citados es compartida de forma an\u00f3nima o agregada por terceros, como pueden ser anunciantes, patrocinadores o auditores, con el \u00fanico fin de mejorar los servicios del sitio web. Todas estas tareas de procesamiento ser\u00e1n reguladas seg\u00fan las normas legales y se respetar\u00e1n todos tus derechos en materia de protecci\u00f3n de datos conforme a la regulaci\u00f3n vigente. Estas cookies y otras tecnolog\u00edas pueden ser deshabilitadas. Para conocer c\u00f3mo hacerlo, favor de enviar un mensaje a la direcci\u00f3n de correo electr\u00f3nico: <a href=\"mailto:contacto@esitmatiosc.com\">contacto@esitmatiosc.com<\/a> o llamar al tel\u00e9fono: (55) 7045 -  3819.<\/p><p>\u00a0<\/p><p><strong>Modificaciones, cambios o actualizaciones de nuestra Pol\u00edtica de Privacidad<\/strong><\/p><p>ESTIMATIO S.C., se reserva el derecho de efectuar en cualquier momento, modificaciones o actualizaciones al presente aviso de privacidad y adaptarlas a novedades legislativas, jurisprudenciales, pol\u00edticas internas o nuevos requerimientos para la prestaci\u00f3n u ofrecimiento de nuestros servicios o productos. Estas modificaciones estar\u00e1n disponibles al p\u00fablico a trav\u00e9s de los siguientes medios: en nuestra p\u00e1gina de internet www.estimatiosc.com, o bien, si es procedente, le enviaremos un correo electr\u00f3nico a la \u00faltima direcci\u00f3n de correo electr\u00f3nico que nos haya proporcionado. <a href=\"http:\/\/www.estimtiosc.com\">www.estimtiosc.com<\/a>, or, if appropriate, we will send you an email to the last email address you provided us.<\/p><p>\u00a0<\/p><p>En caso de que consideres que tu derecho a la protecci\u00f3n de tus Datos Personales ha sido vulnerado, te informamos que puedes acudir ante el Instituto Nacional de Transparencia, Acceso a la Informaci\u00f3n y Protecci\u00f3n de Datos Personales (INAI). Para m\u00e1s informaci\u00f3n visita la p\u00e1gina de internet de dicho organismo https:\/\/home.inai.org.mx\/ <a href=\"https:\/\/home.inai.org.mx\/\">https:\/\/home.inai.org.mx\/<\/a><\/p><p>\u00a0<\/p>\t\t\t\t\t\t\t\t<\/div>\n\t\t\t\t<\/div>\n\t\t\t\t\t<\/div>\n\t\t<\/div>\n\t\t\t\t\t<\/div>\n\t\t<\/section>\n\t\t\t\t<\/div>","protected":false},"excerpt":{"rendered":"<p>Privacy Policy Last update: 01\/01\/2023 Identity and address of the person responsible for personal data ESTIMATIO S.C., as responsible for the processing of your personal data, with address at Blvd. Adolfo L\u00f3pez Mateos No. 2349 Piso 4, Int B.\u00a0 Col. Atlamaya, Alcald\u00eda \u00c1lvaro Obreg\u00f3n, C.P. 01760, CDMX, email: contacto@estimatiosc.com and website www.estimatiosc.com, reports the terms [&hellip;]<\/p>","protected":false},"author":1,"featured_media":0,"parent":0,"menu_order":0,"comment_status":"closed","ping_status":"closed","template":"elementor_theme","meta":{"footnotes":""},"class_list":["post-1180","page","type-page","status-publish","hentry"],"_links":{"self":[{"href":"https:\/\/estimatiosc.com\/es_mx\/wp-json\/wp\/v2\/pages\/1180","targetHints":{"allow":["GET"]}}],"collection":[{"href":"https:\/\/estimatiosc.com\/es_mx\/wp-json\/wp\/v2\/pages"}],"about":[{"href":"https:\/\/estimatiosc.com\/es_mx\/wp-json\/wp\/v2\/types\/page"}],"author":[{"embeddable":true,"href":"https:\/\/estimatiosc.com\/es_mx\/wp-json\/wp\/v2\/users\/1"}],"replies":[{"embeddable":true,"href":"https:\/\/estimatiosc.com\/es_mx\/wp-json\/wp\/v2\/comments?post=1180"}],"version-history":[{"count":8,"href":"https:\/\/estimatiosc.com\/es_mx\/wp-json\/wp\/v2\/pages\/1180\/revisions"}],"predecessor-version":[{"id":1190,"href":"https:\/\/estimatiosc.com\/es_mx\/wp-json\/wp\/v2\/pages\/1180\/revisions\/1190"}],"wp:attachment":[{"href":"https:\/\/estimatiosc.com\/es_mx\/wp-json\/wp\/v2\/media?parent=1180"}],"curies":[{"name":"wp","href":"https:\/\/api.w.org\/{rel}","templated":true}]}}